{"id":1949,"date":"2019-12-31T09:32:57","date_gmt":"2019-12-31T08:32:57","guid":{"rendered":"https:\/\/137degrees.com\/?page_id=1949"},"modified":"2026-04-08T16:00:34","modified_gmt":"2026-04-08T14:00:34","slug":"from-the-studio","status":"publish","type":"page","link":"https:\/\/137degrees.com\/en\/from-the-studio\/","title":{"rendered":"From the studio"},"content":{"rendered":"<div class=\"wpb-content-wrapper\"><p>[vc_row css_animation=&#8221;&#8221; row_type=&#8221;row&#8221; use_row_as_full_screen_section=&#8221;no&#8221; type=&#8221;full_width&#8221; angled_section=&#8221;no&#8221; text_align=&#8221;center&#8221; background_image_as_pattern=&#8221;without_pattern&#8221; z_index=&#8221;&#8221;][vc_column css=&#8221;.vc_custom_1563114912829{padding-right: 10% !important;padding-left: 10% !important;}&#8221;][vc_column_text css=&#8221;&#8221; el_class=&#8221;parrafoGrande&#8221;]<\/p>\n<h4><\/h4>\n<p style=\"text-align: center;\">A space where we share processes, ideas and moments from our work in the studio.<br \/>\nHere you can see how pieces take shape, how they evolve, and everything that usually remains unseen behind the final result.<\/p>\n<p>[\/vc_column_text][vc_empty_space height=&#8221;60px&#8221;][\/vc_column][\/vc_row][vc_row css_animation=&#8221;&#8221; row_type=&#8221;row&#8221; use_row_as_full_screen_section=&#8221;no&#8221; type=&#8221;grid&#8221; angled_section=&#8221;no&#8221; text_align=&#8221;left&#8221; background_image_as_pattern=&#8221;without_pattern&#8221; z_index=&#8221;&#8221;][vc_column width=&#8221;1\/3&#8243;][vc_column_text css=&#8221;&#8221;]<\/p>\n<h3>The creation of Silver&#8217;s portrait<\/h3>\n<p>[\/vc_column_text][vc_separator type=&#8221;small&#8221; position=&#8221;left&#8221; width_in_percentages=&#8221;yes&#8221; transparency=&#8221;1&#8243; thickness=&#8221;2&#8243; up=&#8221;10&#8243; down=&#8221;10&#8243; width=&#8221;15&#8243;][vc_empty_space height=&#8221;20px&#8221;][vc_video link=&#8221;https:\/\/youtu.be\/wiyizMRz0HY&#8221; css=&#8221;&#8221;][vc_empty_space height=&#8221;20px&#8221;][vc_column_text css=&#8221;&#8221;]Step by step: Creating Silver\u2019s portrait, an artistic tribute to the lasting legacy of a great companion.[\/vc_column_text][vc_empty_space height=&#8221;40px&#8221;][\/vc_column][vc_column width=&#8221;1\/3&#8243;][vc_column_text css=&#8221;&#8221;]<\/p>\n<h3>137\u00ba Concept<\/h3>\n<p>[\/vc_column_text][vc_separator type=&#8221;small&#8221; position=&#8221;left&#8221; width_in_percentages=&#8221;yes&#8221; transparency=&#8221;1&#8243; thickness=&#8221;2&#8243; up=&#8221;10&#8243; down=&#8221;10&#8243; width=&#8221;15&#8243;][vc_empty_space height=&#8221;20px&#8221;][vc_video link=&#8221;https:\/\/youtube.com\/shorts\/_sjtW4TEdtk&#8221; css=&#8221;&#8221;][vc_empty_space height=&#8221;20px&#8221;][vc_column_text css=&#8221;&#8221;]Where our name originates and the beginnings of our project.[\/vc_column_text][vc_empty_space height=&#8221;40px&#8221;][\/vc_column][vc_column width=&#8221;1\/3&#8243; offset=&#8221;vc_hidden-lg vc_hidden-md vc_hidden-sm vc_hidden-xs&#8221;][vc_column_text css=&#8221;&#8221;]<\/p>\n<h3>Retratando a Silver<\/h3>\n<p>[\/vc_column_text][vc_separator type=&#8221;small&#8221; position=&#8221;left&#8221; width_in_percentages=&#8221;yes&#8221; transparency=&#8221;1&#8243; thickness=&#8221;2&#8243; up=&#8221;10&#8243; down=&#8221;10&#8243; width=&#8221;15&#8243;][vc_empty_space height=&#8221;20px&#8221;][vc_video link=&#8221;https:\/\/www.youtube.com\/watch?v=NiaYAY24vrw&amp;t=145s&#8221; css=&#8221;&#8221;][vc_empty_space height=&#8221;20px&#8221;][vc_column_text css=&#8221;&#8221;]Paso a paso: La creaci\u00f3n del retrato de Silver, un homenaje art\u00edstico a la huella imborrable de un gran compa\u00f1ero.[\/vc_column_text][vc_empty_space height=&#8221;40px&#8221;][\/vc_column][\/vc_row][vc_row css_animation=&#8221;&#8221; row_type=&#8221;row&#8221; use_row_as_full_screen_section=&#8221;no&#8221; type=&#8221;full_width&#8221; angled_section=&#8221;no&#8221; text_align=&#8221;left&#8221; background_image_as_pattern=&#8221;without_pattern&#8221;][vc_column][vc_empty_space height=&#8221;60px&#8221;][\/vc_column][\/vc_row]<\/p>\n<\/div>","protected":false},"excerpt":{"rendered":"<p>[vc_row css_animation=&#8221;&#8221; row_type=&#8221;row&#8221; use_row_as_full_screen_section=&#8221;no&#8221; type=&#8221;full_width&#8221; angled_section=&#8221;no&#8221; text_align=&#8221;center&#8221; background_image_as_pattern=&#8221;without_pattern&#8221; z_index=&#8221;&#8221;][vc_column css=&#8221;.vc_custom_1563114912829{padding-right: 10% !important;padding-left: 10% !important;}&#8221;][vc_column_text css=&#8221;&#8221; el_class=&#8221;parrafoGrande&#8221;] A space where we share processes, ideas and moments from our work in the studio. Here you can see how pieces take shape, how they evolve, and everything that&#8230;<\/p>\n","protected":false},"author":2,"featured_media":7047,"parent":0,"menu_order":0,"comment_status":"closed","ping_status":"closed","template":"full_width.php","meta":{"footnotes":""},"class_list":["post-1949","page","type-page","status-publish","has-post-thumbnail","hentry"],"yoast_head":"<!-- This site is optimized with the Yoast SEO plugin v26.6 - https:\/\/yoast.com\/wordpress\/plugins\/seo\/ -->\n<title>From the studio - 137\u00ba Ceramic Art Studio Barcelona<\/title>\n<meta name=\"description\" content=\"From the studio - A space where we share processes, ideas and moments from our work in the studio.\" \/>\n<meta name=\"robots\" content=\"index, follow, max-snippet:-1, max-image-preview:large, max-video-preview:-1\" \/>\n<link rel=\"canonical\" href=\"https:\/\/137degrees.com\/en\/from-the-studio\/\" \/>\n<meta property=\"og:locale\" content=\"en_US\" \/>\n<meta property=\"og:type\" content=\"article\" \/>\n<meta property=\"og:title\" content=\"From the studio - 137\u00ba Ceramic Art Studio Barcelona\" \/>\n<meta property=\"og:description\" content=\"From the studio - A space where we share processes, ideas and moments from our work in the studio.\" \/>\n<meta property=\"og:url\" content=\"https:\/\/137degrees.com\/en\/from-the-studio\/\" \/>\n<meta property=\"og:site_name\" content=\"137\u00ba Ceramic Art Studio Barcelona\" \/>\n<meta property=\"article:modified_time\" content=\"2026-04-08T14:00:34+00:00\" \/>\n<meta property=\"og:image\" content=\"https:\/\/137degrees.com\/wp-content\/uploads\/2025\/01\/137-degrees-open-studio-2.jpg\" \/>\n\t<meta property=\"og:image:width\" content=\"800\" \/>\n\t<meta property=\"og:image:height\" content=\"800\" \/>\n\t<meta property=\"og:image:type\" content=\"image\/jpeg\" \/>\n<meta name=\"twitter:card\" content=\"summary_large_image\" \/>\n<meta name=\"twitter:label1\" content=\"Est. reading time\" \/>\n\t<meta name=\"twitter:data1\" content=\"2 minutes\" \/>\n<script type=\"application\/ld+json\" class=\"yoast-schema-graph\">{\"@context\":\"https:\/\/schema.org\",\"@graph\":[{\"@type\":\"WebPage\",\"@id\":\"https:\/\/137degrees.com\/en\/from-the-studio\/\",\"url\":\"https:\/\/137degrees.com\/en\/from-the-studio\/\",\"name\":\"From the studio - 137\u00ba Ceramic Art Studio Barcelona\",\"isPartOf\":{\"@id\":\"https:\/\/137degrees.com\/en\/#website\"},\"primaryImageOfPage\":{\"@id\":\"https:\/\/137degrees.com\/en\/from-the-studio\/#primaryimage\"},\"image\":{\"@id\":\"https:\/\/137degrees.com\/en\/from-the-studio\/#primaryimage\"},\"thumbnailUrl\":\"https:\/\/137degrees.com\/wp-content\/uploads\/2025\/01\/137-degrees-open-studio-2.jpg\",\"datePublished\":\"2019-12-31T08:32:57+00:00\",\"dateModified\":\"2026-04-08T14:00:34+00:00\",\"description\":\"From the studio - A space where we share processes, ideas and moments from our work in the studio.\",\"breadcrumb\":{\"@id\":\"https:\/\/137degrees.com\/en\/from-the-studio\/#breadcrumb\"},\"inLanguage\":\"en-US\",\"potentialAction\":[{\"@type\":\"ReadAction\",\"target\":[\"https:\/\/137degrees.com\/en\/from-the-studio\/\"]}]},{\"@type\":\"ImageObject\",\"inLanguage\":\"en-US\",\"@id\":\"https:\/\/137degrees.com\/en\/from-the-studio\/#primaryimage\",\"url\":\"https:\/\/137degrees.com\/wp-content\/uploads\/2025\/01\/137-degrees-open-studio-2.jpg\",\"contentUrl\":\"https:\/\/137degrees.com\/wp-content\/uploads\/2025\/01\/137-degrees-open-studio-2.jpg\",\"width\":800,\"height\":800},{\"@type\":\"BreadcrumbList\",\"@id\":\"https:\/\/137degrees.com\/en\/from-the-studio\/#breadcrumb\",\"itemListElement\":[{\"@type\":\"ListItem\",\"position\":1,\"name\":\"Portada\",\"item\":\"https:\/\/137degrees.com\/en\/\"},{\"@type\":\"ListItem\",\"position\":2,\"name\":\"From the studio\"}]},{\"@type\":\"WebSite\",\"@id\":\"https:\/\/137degrees.com\/en\/#website\",\"url\":\"https:\/\/137degrees.com\/en\/\",\"name\":\"137\u00ba Ceramic Art Studio Barcelona\",\"description\":\"Ceramic Art Studio Barcelona\",\"potentialAction\":[{\"@type\":\"SearchAction\",\"target\":{\"@type\":\"EntryPoint\",\"urlTemplate\":\"https:\/\/137degrees.com\/en\/?s={search_term_string}\"},\"query-input\":{\"@type\":\"PropertyValueSpecification\",\"valueRequired\":true,\"valueName\":\"search_term_string\"}}],\"inLanguage\":\"en-US\"}]}<\/script>\n<!-- \/ Yoast SEO plugin. -->","yoast_head_json":{"title":"From the studio - 137\u00ba Ceramic Art Studio Barcelona","description":"From the studio - A space where we share processes, ideas and moments from our work in the studio.","robots":{"index":"index","follow":"follow","max-snippet":"max-snippet:-1","max-image-preview":"max-image-preview:large","max-video-preview":"max-video-preview:-1"},"canonical":"https:\/\/137degrees.com\/en\/from-the-studio\/","og_locale":"en_US","og_type":"article","og_title":"From the studio - 137\u00ba Ceramic Art Studio Barcelona","og_description":"From the studio - A space where we share processes, ideas and moments from our work in the studio.","og_url":"https:\/\/137degrees.com\/en\/from-the-studio\/","og_site_name":"137\u00ba Ceramic Art Studio Barcelona","article_modified_time":"2026-04-08T14:00:34+00:00","og_image":[{"width":800,"height":800,"url":"https:\/\/137degrees.com\/wp-content\/uploads\/2025\/01\/137-degrees-open-studio-2.jpg","type":"image\/jpeg"}],"twitter_card":"summary_large_image","twitter_misc":{"Est. reading time":"2 minutes"},"schema":{"@context":"https:\/\/schema.org","@graph":[{"@type":"WebPage","@id":"https:\/\/137degrees.com\/en\/from-the-studio\/","url":"https:\/\/137degrees.com\/en\/from-the-studio\/","name":"From the studio - 137\u00ba Ceramic Art Studio Barcelona","isPartOf":{"@id":"https:\/\/137degrees.com\/en\/#website"},"primaryImageOfPage":{"@id":"https:\/\/137degrees.com\/en\/from-the-studio\/#primaryimage"},"image":{"@id":"https:\/\/137degrees.com\/en\/from-the-studio\/#primaryimage"},"thumbnailUrl":"https:\/\/137degrees.com\/wp-content\/uploads\/2025\/01\/137-degrees-open-studio-2.jpg","datePublished":"2019-12-31T08:32:57+00:00","dateModified":"2026-04-08T14:00:34+00:00","description":"From the studio - A space where we share processes, ideas and moments from our work in the studio.","breadcrumb":{"@id":"https:\/\/137degrees.com\/en\/from-the-studio\/#breadcrumb"},"inLanguage":"en-US","potentialAction":[{"@type":"ReadAction","target":["https:\/\/137degrees.com\/en\/from-the-studio\/"]}]},{"@type":"ImageObject","inLanguage":"en-US","@id":"https:\/\/137degrees.com\/en\/from-the-studio\/#primaryimage","url":"https:\/\/137degrees.com\/wp-content\/uploads\/2025\/01\/137-degrees-open-studio-2.jpg","contentUrl":"https:\/\/137degrees.com\/wp-content\/uploads\/2025\/01\/137-degrees-open-studio-2.jpg","width":800,"height":800},{"@type":"BreadcrumbList","@id":"https:\/\/137degrees.com\/en\/from-the-studio\/#breadcrumb","itemListElement":[{"@type":"ListItem","position":1,"name":"Portada","item":"https:\/\/137degrees.com\/en\/"},{"@type":"ListItem","position":2,"name":"From the studio"}]},{"@type":"WebSite","@id":"https:\/\/137degrees.com\/en\/#website","url":"https:\/\/137degrees.com\/en\/","name":"137\u00ba Ceramic Art Studio Barcelona","description":"Ceramic Art Studio Barcelona","potentialAction":[{"@type":"SearchAction","target":{"@type":"EntryPoint","urlTemplate":"https:\/\/137degrees.com\/en\/?s={search_term_string}"},"query-input":{"@type":"PropertyValueSpecification","valueRequired":true,"valueName":"search_term_string"}}],"inLanguage":"en-US"}]}},"_links":{"self":[{"href":"https:\/\/137degrees.com\/en\/wp-json\/wp\/v2\/pages\/1949","targetHints":{"allow":["GET"]}}],"collection":[{"href":"https:\/\/137degrees.com\/en\/wp-json\/wp\/v2\/pages"}],"about":[{"href":"https:\/\/137degrees.com\/en\/wp-json\/wp\/v2\/types\/page"}],"author":[{"embeddable":true,"href":"https:\/\/137degrees.com\/en\/wp-json\/wp\/v2\/users\/2"}],"replies":[{"embeddable":true,"href":"https:\/\/137degrees.com\/en\/wp-json\/wp\/v2\/comments?post=1949"}],"version-history":[{"count":143,"href":"https:\/\/137degrees.com\/en\/wp-json\/wp\/v2\/pages\/1949\/revisions"}],"predecessor-version":[{"id":7316,"href":"https:\/\/137degrees.com\/en\/wp-json\/wp\/v2\/pages\/1949\/revisions\/7316"}],"wp:featuredmedia":[{"embeddable":true,"href":"https:\/\/137degrees.com\/en\/wp-json\/wp\/v2\/media\/7047"}],"wp:attachment":[{"href":"https:\/\/137degrees.com\/en\/wp-json\/wp\/v2\/media?parent=1949"}],"curies":[{"name":"wp","href":"https:\/\/api.w.org\/{rel}","templated":true}]}}